{"id":2039,"date":"2020-04-07T09:24:22","date_gmt":"2020-04-07T09:24:22","guid":{"rendered":"https:\/\/bblaw.ch\/?page_id=2039"},"modified":"2021-04-13T18:04:49","modified_gmt":"2021-04-13T18:04:49","slug":"david-legroux","status":"publish","type":"page","link":"https:\/\/bblaw.ch\/fr\/david-legroux\/","title":{"rendered":"DAVID LEGROUX"},"content":{"rendered":"[vc_row type=\u00a0\u00bbin_container\u00a0\u00bb full_screen_row_position=\u00a0\u00bbmiddle\u00a0\u00bb scene_position=\u00a0\u00bbcenter\u00a0\u00bb text_color=\u00a0\u00bbdark\u00a0\u00bb text_align=\u00a0\u00bbleft\u00a0\u00bb overlay_strength=\u00a0\u00bb0.3&Prime; shape_divider_position=\u00a0\u00bbbottom\u00a0\u00bb][vc_column column_padding=\u00a0\u00bbno-extra-padding\u00a0\u00bb column_padding_position=\u00a0\u00bball\u00a0\u00bb background_color_opacity=\u00a0\u00bb1&Prime; background_hover_color_opacity=\u00a0\u00bb1&Prime; column_shadow=\u00a0\u00bbnone\u00a0\u00bb column_border_radius=\u00a0\u00bbnone\u00a0\u00bb width=\u00a0\u00bb1\/1&Prime; tablet_text_alignment=\u00a0\u00bbdefault\u00a0\u00bb phone_text_alignment=\u00a0\u00bbdefault\u00a0\u00bb column_border_width=\u00a0\u00bbnone\u00a0\u00bb column_border_style=\u00a0\u00bbsolid\u00a0\u00bb]<style type=\"text\/css\">#nectar-slider-instance-1, #nectar-slider-instance-1 .swiper-container { min-height: 250px; } #nectar-slider-instance-1, #nectar-slider-instance-1 .swiper-container { height: calc( 700 * 100vw \/ 1600 ); } <\/style><div data-midnight=\"nectar-slider\" class=\"parallax_slider_outer \"><div  data-transition=\"slide\" data-overall_style=\"classic\" data-flexible-height=\"true\" data-animate-in-effect=\"none\" data-fullscreen=\"false\" data-button-sizing=\"regular\" data-button-styling=\"btn_with_count\" data-autorotate=\"\" data-parallax=\"true\" data-parallax-disable-mobile=\"\" data-caption-trans=\"fade_in_from_bottom\" data-parallax-style=\"bg_only\" data-bg-animation=\"none\" data-full-width=\"true\" class=\"nectar-slider-wrap \" id=\"nectar-slider-instance-1\"><div class=\"swiper-container\"  data-tho=\"auto\" data-tco=\"auto\" data-pho=\"auto\" data-pco=\"auto\" data-loop=\"true\" data-height=\"700\" data-min-height=\"250\" data-arrows=\"true\" data-bullets=\"true\" data-bullet_style=\"see_through\" data-bullet_position=\"bottom\" data-desktop-swipe=\"false\" data-settings=\"\"> <div class=\"swiper-wrapper\"><div class=\"swiper-slide\" data-desktop-content-width=\"\" data-tablet-content-width=\"\" data-bg-alignment=\"center\" data-color-scheme=\"light\" data-x-pos=\"left\" data-y-pos=\"middle\" ><div class=\"slide-bg-wrap\"><div class=\"image-bg\" style=\"background-image: url(https:\/\/bblaw.ch\/wp-content\/uploads\/2021\/04\/David-Legroux-1.jpg);\"> &nbsp; <\/div><\/div><div class=\"video-texture \"> <span class=\"ie-fix\"><\/span> <\/div><\/div> <!--\/swiper-slide--><div class=\"swiper-slide\" data-desktop-content-width=\"\" data-tablet-content-width=\"\" data-bg-alignment=\"center\" data-color-scheme=\"light\" data-x-pos=\"left\" data-y-pos=\"middle\" ><div class=\"slide-bg-wrap\"><div class=\"image-bg\" style=\"background-image: url(https:\/\/bblaw.ch\/wp-content\/uploads\/2021\/04\/David-Legroux-2.jpg);\"> &nbsp; <\/div><\/div><div class=\"video-texture \"> <span class=\"ie-fix\"><\/span> <\/div><\/div> <!--\/swiper-slide--><div class=\"swiper-slide\" data-desktop-content-width=\"\" data-tablet-content-width=\"\" data-bg-alignment=\"center\" data-color-scheme=\"light\" data-x-pos=\"left\" data-y-pos=\"middle\" ><div class=\"slide-bg-wrap\"><div class=\"image-bg\" style=\"background-image: url(https:\/\/bblaw.ch\/wp-content\/uploads\/2021\/04\/David-Legroux-3.jpg);\"> &nbsp; <\/div><\/div><div class=\"video-texture \"> <span class=\"ie-fix\"><\/span> <\/div><\/div> <!--\/swiper-slide--><\/div><a href=\"#\" class=\"slider-prev\"><i class=\"icon-salient-left-arrow\"><\/i> <div class=\"slide-count\"> <span class=\"slide-current\">1<\/span> <i class=\"icon-salient-right-line\"><\/i> <span class=\"slide-total\"><\/span> <\/div> <\/a>\n\t\t\t\t\t\t<a href=\"#\" class=\"slider-next\"><i class=\"icon-salient-right-arrow\"><\/i> <div class=\"slide-count\"> <span class=\"slide-current\">1<\/span> <i class=\"icon-salient-right-line\"><\/i> <span class=\"slide-total\"><\/span> <\/div> <\/a><div class=\"container normal-container slider-pagination-wrap\"><div class=\"slider-pagination\"><\/div><\/div><div class=\"nectar-slider-loading \"> <span class=\"loading-icon none\">   <\/span> <\/div> <\/div> \n\t\t\t\t\t\n\t\t\t\t\t<\/div><\/div>[\/vc_column][\/vc_row][vc_row type=\u00a0\u00bbfull_width_background\u00a0\u00bb full_screen_row_position=\u00a0\u00bbmiddle\u00a0\u00bb scene_position=\u00a0\u00bbcenter\u00a0\u00bb text_color=\u00a0\u00bbdark\u00a0\u00bb text_align=\u00a0\u00bbleft\u00a0\u00bb top_padding=\u00a0\u00bb50&Prime; bottom_padding=\u00a0\u00bb40&Prime; overlay_strength=\u00a0\u00bb0.3&Prime; shape_divider_position=\u00a0\u00bbbottom\u00a0\u00bb][vc_column column_padding=\u00a0\u00bbno-extra-padding\u00a0\u00bb column_padding_position=\u00a0\u00bball\u00a0\u00bb background_color_opacity=\u00a0\u00bb1&Prime; background_hover_color_opacity=\u00a0\u00bb1&Prime; column_shadow=\u00a0\u00bbnone\u00a0\u00bb column_border_radius=\u00a0\u00bbnone\u00a0\u00bb width=\u00a0\u00bb1\/6&Prime; tablet_text_alignment=\u00a0\u00bbdefault\u00a0\u00bb phone_text_alignment=\u00a0\u00bbdefault\u00a0\u00bb column_border_width=\u00a0\u00bbnone\u00a0\u00bb column_border_style=\u00a0\u00bbsolid\u00a0\u00bb][\/vc_column][vc_column column_padding=\u00a0\u00bbno-extra-padding\u00a0\u00bb column_padding_position=\u00a0\u00bball\u00a0\u00bb background_color_opacity=\u00a0\u00bb1&Prime; background_hover_color_opacity=\u00a0\u00bb1&Prime; column_shadow=\u00a0\u00bbnone\u00a0\u00bb column_border_radius=\u00a0\u00bbnone\u00a0\u00bb width=\u00a0\u00bb2\/3&Prime; tablet_text_alignment=\u00a0\u00bbdefault\u00a0\u00bb phone_text_alignment=\u00a0\u00bbdefault\u00a0\u00bb column_border_width=\u00a0\u00bbnone\u00a0\u00bb column_border_style=\u00a0\u00bbsolid\u00a0\u00bb][vc_column_text]\n<h1 style=\"text-align: center;\"><strong>DAVID LEGROUX<br \/>\n<\/strong><\/h1>\n<h2 style=\"text-align: center;\"><span style=\"color: #000000;\">CONSEIL<\/span><\/h2>\n<p style=\"text-align: center;\">Avocat inscrit aux barreaux de Bordeaux depuis 2003 et de Gen\u00e8ve depuis 2016, David Legroux a rejoint l\u2019\u00e9quipe de l\u2019\u00c9tude B&amp;B en qualit\u00e9 d\u2019avocat conseil en 2016.<\/p>\n<p style=\"text-align: center;\">D\u00e9tenteur d\u2019une sp\u00e9cialit\u00e9 en droit fiscal et droit douanier en France et membre de l\u2019I.A.C.F (Institut des Avocats et Conseils Fiscaux), David Legroux enseigne la fiscalit\u00e9 internationale (fiscalit\u00e9 des entreprises num\u00e9riques et fiscalit\u00e9 immobili\u00e8re transfrontali\u00e8re) aupr\u00e8s de l\u2019Universit\u00e9 de Bordeaux Montesquieu dans le cadre du D.J.C.E.<\/p>\n<p style=\"text-align: center;\">Fort d\u2019une premi\u00e8re exp\u00e9rience professionnelle au sein d\u2019entreprises internationales bas\u00e9es en France et en Suisse, David Legroux a d\u00e9velopp\u00e9 au fil des ann\u00e9es un r\u00e9seau de comp\u00e9tences et de connaissances internationales tant en Europe qu\u2019en Asie et aux \u00c9tats-Unis.<\/p>\n<p style=\"text-align: center;\">Il intervient principalement sur des probl\u00e9matiques fiscales transfrontali\u00e8res et a d\u00e9velopp\u00e9 une expertise fiscale franco-suisse.<\/p>\n<p style=\"text-align: center;\">David Legroux intervient dans des domaines d\u2019activit\u00e9 sp\u00e9cifiques tels que le sport, l\u2019activit\u00e9 viti-vinicole mais aussi les nouvelles technologies num\u00e9riques.<\/p>\n<p style=\"text-align: center;\">Il accompagne tant les entreprises que les particuliers dans la d\u00e9fense de leurs droits en mati\u00e8re fiscale devant les tribunaux Fran\u00e7ais.<\/p>\n[\/vc_column_text][\/vc_column][vc_column column_padding=\u00a0\u00bbno-extra-padding\u00a0\u00bb column_padding_position=\u00a0\u00bball\u00a0\u00bb background_color_opacity=\u00a0\u00bb1&Prime; background_hover_color_opacity=\u00a0\u00bb1&Prime; column_shadow=\u00a0\u00bbnone\u00a0\u00bb column_border_radius=\u00a0\u00bbnone\u00a0\u00bb width=\u00a0\u00bb1\/6&Prime; tablet_text_alignment=\u00a0\u00bbdefault\u00a0\u00bb phone_text_alignment=\u00a0\u00bbdefault\u00a0\u00bb column_border_width=\u00a0\u00bbnone\u00a0\u00bb column_border_style=\u00a0\u00bbsolid\u00a0\u00bb][\/vc_column][\/vc_row][vc_row type=\u00a0\u00bbin_container\u00a0\u00bb full_screen_row_position=\u00a0\u00bbmiddle\u00a0\u00bb scene_position=\u00a0\u00bbcenter\u00a0\u00bb text_color=\u00a0\u00bbdark\u00a0\u00bb text_align=\u00a0\u00bbleft\u00a0\u00bb overlay_strength=\u00a0\u00bb0.3&Prime; shape_divider_position=\u00a0\u00bbbottom\u00a0\u00bb][vc_column boxed=\u00a0\u00bbtrue\u00a0\u00bb column_padding=\u00a0\u00bbpadding-3-percent\u00a0\u00bb column_padding_position=\u00a0\u00bball\u00a0\u00bb background_color=\u00a0\u00bb#f9eee7&Prime; background_color_opacity=\u00a0\u00bb0.8&Prime; background_color_hover=\u00a0\u00bb#ffffff\u00a0\u00bb background_hover_color_opacity=\u00a0\u00bb1&Prime; font_color=\u00a0\u00bb#000000&Prime; column_shadow=\u00a0\u00bbnone\u00a0\u00bb column_border_radius=\u00a0\u00bbnone\u00a0\u00bb width=\u00a0\u00bb1\/2&Prime; tablet_text_alignment=\u00a0\u00bbdefault\u00a0\u00bb phone_text_alignment=\u00a0\u00bbdefault\u00a0\u00bb column_border_width=\u00a0\u00bbnone\u00a0\u00bb column_border_style=\u00a0\u00bbsolid\u00a0\u00bb][vc_column_text]\n<h3>EXPERIENCE PROFESSIONNELLE<\/h3>\n<ul>\n<li>1996-2000 &#8211; Fiscaliste en charge du p\u00f4le international au sein du groupe EADS (Ex AEROSPATIAL SNI)<\/li>\n<li>2000-2004 &#8211; Directeur Fiscal EMEA et responsable des projets sp\u00e9ciaux au sein du groupe GEMPLUS (devenu GEMALTO)<\/li>\n<li>2004-2007 &#8211; Avocat sp\u00e9cialis\u00e9 en droit fiscal au sein de la soci\u00e9t\u00e9 d\u2019avocats ERNST &amp; YOUNG \u00e0 Bordeaux<\/li>\n<li>2007-2012 &#8211; Avocat fondateur de l\u2019\u00c9tude TAX TEAM &amp; CONSEILS \u00e0 Bordeaux<\/li>\n<li>\u00a0 \u2013\u00a0\u00a0\u00a0\u00a0\u00a0\u00a0 2012\u00a0 &#8211; Avocat fondateur de l\u2019\u00c9tude LD AVOCATS \u00e0 Bordeaux<\/li>\n<\/ul>\n[\/vc_column_text][\/vc_column][vc_column boxed=\u00a0\u00bbtrue\u00a0\u00bb column_padding=\u00a0\u00bbpadding-3-percent\u00a0\u00bb column_padding_position=\u00a0\u00bball\u00a0\u00bb background_color=\u00a0\u00bb#f9eee7&Prime; background_color_opacity=\u00a0\u00bb0.8&Prime; background_color_hover=\u00a0\u00bb#ffffff\u00a0\u00bb background_hover_color_opacity=\u00a0\u00bb1&Prime; font_color=\u00a0\u00bb#000000&Prime; column_shadow=\u00a0\u00bbnone\u00a0\u00bb column_border_radius=\u00a0\u00bbnone\u00a0\u00bb width=\u00a0\u00bb1\/2&Prime; tablet_text_alignment=\u00a0\u00bbdefault\u00a0\u00bb phone_text_alignment=\u00a0\u00bbdefault\u00a0\u00bb column_border_width=\u00a0\u00bbnone\u00a0\u00bb column_border_style=\u00a0\u00bbsolid\u00a0\u00bb][vc_column_text]\n<h3>DOMAINES D\u2019ACTIVIT\u00c9S<\/h3>\n<ul>\n<li>Assistance \u00e0 contr\u00f4le fiscal<\/li>\n<li>Proc\u00e9dures Fiscales gracieuses et Contentieuses<\/li>\n<li>Restructuration et cession d\u2019entreprises<\/li>\n<li>Probl\u00e9matiques fiscales transfrontali\u00e8res<\/li>\n<li>Planification Successorale<\/li>\n<li>Fiscalit\u00e9 des successions &amp; donations<\/li>\n<li>Droit des Soci\u00e9t\u00e9s<\/li>\n<\/ul>\n[\/vc_column_text][\/vc_column][\/vc_row][vc_row type=\u00a0\u00bbin_container\u00a0\u00bb full_screen_row_position=\u00a0\u00bbmiddle\u00a0\u00bb scene_position=\u00a0\u00bbcenter\u00a0\u00bb text_color=\u00a0\u00bbdark\u00a0\u00bb text_align=\u00a0\u00bbleft\u00a0\u00bb overlay_strength=\u00a0\u00bb0.3&Prime; shape_divider_position=\u00a0\u00bbbottom\u00a0\u00bb][vc_column boxed=\u00a0\u00bbtrue\u00a0\u00bb column_padding=\u00a0\u00bbpadding-3-percent\u00a0\u00bb column_padding_position=\u00a0\u00bball\u00a0\u00bb background_color=\u00a0\u00bb#f9eee7&Prime; background_color_opacity=\u00a0\u00bb0.8&Prime; background_color_hover=\u00a0\u00bb#ffffff\u00a0\u00bb background_hover_color_opacity=\u00a0\u00bb1&Prime; font_color=\u00a0\u00bb#000000&Prime; column_shadow=\u00a0\u00bbnone\u00a0\u00bb column_border_radius=\u00a0\u00bbnone\u00a0\u00bb width=\u00a0\u00bb1\/2&Prime; tablet_text_alignment=\u00a0\u00bbdefault\u00a0\u00bb phone_text_alignment=\u00a0\u00bbdefault\u00a0\u00bb column_border_width=\u00a0\u00bbnone\u00a0\u00bb column_border_style=\u00a0\u00bbsolid\u00a0\u00bb][vc_column_text]\n<h3><strong>ACTIVITES ASSOCIATIVES<\/strong><\/h3>\n<ul>\n<li>Ancien membre de la C.A.R.P.A de Bordeaux<\/li>\n<li>Membre de l\u2019Association de l\u2019Institut des Avocats et Conseils Fiscaux (IACF)<\/li>\n<li>Enseignant aupr\u00e8s de l\u2019Universit\u00e9 Bordeaux-Montesquieu<\/li>\n<li>Avocat au Barreau de Bordeaux depuis 2004<\/li>\n<li>Avocat UE au Barreau de Gen\u00e8ve depuis 2016<\/li>\n<\/ul>\n[\/vc_column_text][\/vc_column][vc_column boxed=\u00a0\u00bbtrue\u00a0\u00bb column_padding=\u00a0\u00bbpadding-3-percent\u00a0\u00bb column_padding_position=\u00a0\u00bball\u00a0\u00bb background_color=\u00a0\u00bb#f9eee7&Prime; background_color_opacity=\u00a0\u00bb0.8&Prime; background_color_hover=\u00a0\u00bb#ffffff\u00a0\u00bb background_hover_color_opacity=\u00a0\u00bb1&Prime; font_color=\u00a0\u00bb#000000&Prime; column_shadow=\u00a0\u00bbnone\u00a0\u00bb column_border_radius=\u00a0\u00bbnone\u00a0\u00bb width=\u00a0\u00bb1\/2&Prime; tablet_text_alignment=\u00a0\u00bbdefault\u00a0\u00bb phone_text_alignment=\u00a0\u00bbdefault\u00a0\u00bb column_border_width=\u00a0\u00bbnone\u00a0\u00bb column_border_style=\u00a0\u00bbsolid\u00a0\u00bb][vc_column_text]\n<h3>LANGUES<\/h3>\n<ul>\n<li>Fran\u00e7ais<\/li>\n<li>Anglais<\/li>\n<li>Espagnol (passif)<\/li>\n<\/ul>\n[\/vc_column_text][\/vc_column][\/vc_row]\n","protected":false},"excerpt":{"rendered":"<p>[vc_row type=\u00a0\u00bbin_container\u00a0\u00bb full_screen_row_position=\u00a0\u00bbmiddle\u00a0\u00bb scene_position=\u00a0\u00bbcenter\u00a0\u00bb text_color=\u00a0\u00bbdark\u00a0\u00bb text_align=\u00a0\u00bbleft\u00a0\u00bb overlay_strength=\u00a0\u00bb0.3&Prime; shape_divider_position=\u00a0\u00bbbottom\u00a0\u00bb][vc_column column_padding=\u00a0\u00bbno-extra-padding\u00a0\u00bb column_padding_position=\u00a0\u00bball\u00a0\u00bb background_color_opacity=\u00a0\u00bb1&Prime; background_hover_color_opacity=\u00a0\u00bb1&Prime; column_shadow=\u00a0\u00bbnone\u00a0\u00bb column_border_radius=\u00a0\u00bbnone\u00a0\u00bb width=\u00a0\u00bb1\/1&Prime; tablet_text_alignment=\u00a0\u00bbdefault\u00a0\u00bb phone_text_alignment=\u00a0\u00bbdefault\u00a0\u00bb column_border_width=\u00a0\u00bbnone\u00a0\u00bb column_border_style=\u00a0\u00bbsolid\u00a0\u00bb][\/vc_column][\/vc_row][vc_row type=\u00a0\u00bbfull_width_background\u00a0\u00bb full_screen_row_position=\u00a0\u00bbmiddle\u00a0\u00bb scene_position=\u00a0\u00bbcenter\u00a0\u00bb text_color=\u00a0\u00bbdark\u00a0\u00bb text_align=\u00a0\u00bbleft\u00a0\u00bb top_padding=\u00a0\u00bb50&Prime; bottom_padding=\u00a0\u00bb40&Prime; overlay_strength=\u00a0\u00bb0.3&Prime; shape_divider_position=\u00a0\u00bbbottom\u00a0\u00bb][vc_column column_padding=\u00a0\u00bbno-extra-padding\u00a0\u00bb column_padding_position=\u00a0\u00bball\u00a0\u00bb&#8230;<\/p>\n","protected":false},"author":2,"featured_media":0,"parent":0,"menu_order":0,"comment_status":"closed","ping_status":"closed","template":"","meta":{"footnotes":""},"_links":{"self":[{"href":"https:\/\/bblaw.ch\/fr\/wp-json\/wp\/v2\/pages\/2039"}],"collection":[{"href":"https:\/\/bblaw.ch\/fr\/wp-json\/wp\/v2\/pages"}],"about":[{"href":"https:\/\/bblaw.ch\/fr\/wp-json\/wp\/v2\/types\/page"}],"author":[{"embeddable":true,"href":"https:\/\/bblaw.ch\/fr\/wp-json\/wp\/v2\/users\/2"}],"replies":[{"embeddable":true,"href":"https:\/\/bblaw.ch\/fr\/wp-json\/wp\/v2\/comments?post=2039"}],"version-history":[{"count":11,"href":"https:\/\/bblaw.ch\/fr\/wp-json\/wp\/v2\/pages\/2039\/revisions"}],"predecessor-version":[{"id":2221,"href":"https:\/\/bblaw.ch\/fr\/wp-json\/wp\/v2\/pages\/2039\/revisions\/2221"}],"wp:attachment":[{"href":"https:\/\/bblaw.ch\/fr\/wp-json\/wp\/v2\/media?parent=2039"}],"curies":[{"name":"wp","href":"https:\/\/api.w.org\/{rel}","templated":true}]}}