{"id":996,"date":"2014-10-20T18:29:47","date_gmt":"2014-10-20T18:29:47","guid":{"rendered":"https:\/\/bblaw.ch\/?page_id=996"},"modified":"2015-09-24T10:08:15","modified_gmt":"2015-09-24T10:08:15","slug":"malik-fagone","status":"publish","type":"page","link":"https:\/\/bblaw.ch\/fr\/malik-fagone\/","title":{"rendered":"MALIK FAGONE"},"content":{"rendered":"[vc_row type=\u00a0\u00bbfull_width_background\u00a0\u00bb bg_position=\u00a0\u00bbright top\u00a0\u00bb bg_repeat=\u00a0\u00bbno-repeat\u00a0\u00bb scene_position=\u00a0\u00bbcenter\u00a0\u00bb text_color=\u00a0\u00bbdark\u00a0\u00bb text_align=\u00a0\u00bbleft\u00a0\u00bb][vc_column width=\u00a0\u00bb1\/1&Prime;]<style type=\"text\/css\">#nectar-slider-instance-1, #nectar-slider-instance-1 .swiper-container { min-height: 250px; } #nectar-slider-instance-1, #nectar-slider-instance-1 .swiper-container { height: calc( 700 * 100vw \/ 1600 ); } <\/style><div data-midnight=\"nectar-slider\" class=\"parallax_slider_outer \"><div  data-transition=\"fade\" data-overall_style=\"classic\" data-flexible-height=\"true\" data-animate-in-effect=\"none\" data-fullscreen=\"false\" data-button-sizing=\"regular\" data-button-styling=\"btn_with_count\" data-autorotate=\"7000\" data-parallax=\"true\" data-parallax-disable-mobile=\"\" data-caption-trans=\"fade_in_from_bottom\" data-parallax-style=\"bg_only\" data-bg-animation=\"none\" data-full-width=\"true\" class=\"nectar-slider-wrap \" id=\"nectar-slider-instance-1\"><div class=\"swiper-container\"  data-tho=\"auto\" data-tco=\"auto\" data-pho=\"auto\" data-pco=\"auto\" data-loop=\"false\" data-height=\"700\" data-min-height=\"250\" data-arrows=\"true\" data-bullets=\"true\" data-bullet_style=\"see_through\" data-bullet_position=\"bottom\" data-desktop-swipe=\"true\" data-settings=\"\"> <div class=\"swiper-wrapper\"><div class=\"swiper-slide\" data-desktop-content-width=\"\" data-tablet-content-width=\"\" data-bg-alignment=\"top\" data-color-scheme=\"light\" data-x-pos=\"left\" data-y-pos=\"middle\" ><div class=\"slide-bg-wrap\"><div class=\"image-bg\" style=\"background-image: url(https:\/\/bblaw.ch\/wp-content\/uploads\/2014\/11\/Malik-Fagone.jpg);\"> &nbsp; <\/div><\/div><a href=\"#\" class=\"slider-down-arrow\"><i class=\"icon-salient-down-arrow icon-default-style\"> <span class=\"ie-fix\"><\/span> <\/i><\/a><div class=\"video-texture \"> <span class=\"ie-fix\"><\/span> <\/div><\/div> <!--\/swiper-slide--><div class=\"swiper-slide\" data-desktop-content-width=\"\" data-tablet-content-width=\"\" data-bg-alignment=\"top\" data-color-scheme=\"light\" data-x-pos=\"left\" data-y-pos=\"middle\" ><div class=\"slide-bg-wrap\"><div class=\"image-bg\" style=\"background-image: url(https:\/\/bblaw.ch\/wp-content\/uploads\/2014\/11\/Malik-Fagone-2.jpg);\"> &nbsp; <\/div><\/div><a href=\"#\" class=\"slider-down-arrow\"><i class=\"icon-salient-down-arrow icon-default-style\"> <span class=\"ie-fix\"><\/span> <\/i><\/a><div class=\"video-texture \"> <span class=\"ie-fix\"><\/span> <\/div><\/div> <!--\/swiper-slide--><\/div><a href=\"#\" class=\"slider-prev\"><i class=\"icon-salient-left-arrow\"><\/i> <div class=\"slide-count\"> <span class=\"slide-current\">1<\/span> <i class=\"icon-salient-right-line\"><\/i> <span class=\"slide-total\"><\/span> <\/div> <\/a>\n\t\t\t\t\t\t<a href=\"#\" class=\"slider-next\"><i class=\"icon-salient-right-arrow\"><\/i> <div class=\"slide-count\"> <span class=\"slide-current\">1<\/span> <i class=\"icon-salient-right-line\"><\/i> <span class=\"slide-total\"><\/span> <\/div> <\/a><div class=\"container normal-container slider-pagination-wrap\"><div class=\"slider-pagination\"><\/div><\/div><div class=\"nectar-slider-loading \"> <span class=\"loading-icon none\">   <\/span> <\/div> <\/div> \n\t\t\t\t\t\n\t\t\t\t\t<\/div><\/div>[\/vc_column][\/vc_row][vc_row type=\u00a0\u00bbfull_width_background\u00a0\u00bb bg_position=\u00a0\u00bbleft top\u00a0\u00bb bg_repeat=\u00a0\u00bbno-repeat\u00a0\u00bb scene_position=\u00a0\u00bbcenter\u00a0\u00bb text_color=\u00a0\u00bbdark\u00a0\u00bb text_align=\u00a0\u00bbleft\u00a0\u00bb top_padding=\u00a0\u00bb50&Prime; bottom_padding=\u00a0\u00bb40&Prime;][vc_column width=\u00a0\u00bb1\/4&Prime;][\/vc_column][vc_column width=\u00a0\u00bb1\/2&Prime;][vc_column_text]\n<h1 style=\"text-align: center;\"><span style=\"color: #000000;\">MALIK FAGONE<\/span><\/h1>\n<h2 style=\"text-align: center;\"><span style=\"color: #000000;\">AVOCAT<\/span><\/h2>\n<p style=\"text-align: center;\">Malik Fagone a rejoint l\u2019Etude en 2013. Il y exerce principalement une activit\u00e9 judiciaire en mati\u00e8re civile et p\u00e9nale. Actif dans les domaines du contentieux bancaire et commercial, du droit de la famille et du droit p\u00e9nal \u00e9conomique, Me Fagone repr\u00e9sente \u00e9galement des clients dans le cadre de proc\u00e9dures relevant du droit des assurances priv\u00e9es, du droit du bail et du droit du travail.<\/p>\n[\/vc_column_text][\/vc_column][vc_column width=\u00a0\u00bb1\/4&Prime;][\/vc_column][\/vc_row][vc_row][vc_column width=\u00a0\u00bb1\/2&Prime; animation=\u00a0\u00bbnone\u00a0\u00bb boxed=\u00a0\u00bbtrue\u00a0\u00bb column_padding=\u00a0\u00bbpadding-3-percent\u00a0\u00bb background_color=\u00a0\u00bb#f9eee7&Prime; background_color_opacity=\u00a0\u00bb0.8&Prime; font_color=\u00a0\u00bb#000000&Prime; background_color_hover=\u00a0\u00bb#ffffff\u00a0\u00bb][vc_column_text]\n<h3>FORMATION PROFESSIONELLE<\/h3>\n<ul>\n<li>Greffier au Tribunal des mesures de contrainte et d\u2019application des peines (VD) (2012)<\/li>\n<li>Admis au barreau de Gen\u00e8ve en 2011<\/li>\n<li>Stage d\u2019avocat au sein du Tribunal de premi\u00e8re instance de Gen\u00e8ve (2011)<\/li>\n<li>Stage d\u2019avocat\u00a0au sein de l\u2019Etude Pestalozzi Lachenal Patry (2009-2011)<\/li>\n<li>Assistant-dipl\u00f4m\u00e9 \u00e0 l\u2019Universit\u00e9 de Lausanne\u00a0: Droit des assurances priv\u00e9es (2007-2009)<\/li>\n<li>MAS \/ LL.M Droit europ\u00e9en et droit international \u00e9conomique (2007)<\/li>\n<li>Master en droit suisse\u00a0\u00e0 l\u2019Universit\u00e9 de Lausanne (2006)<\/li>\n<\/ul>\n[\/vc_column_text][\/vc_column][vc_column width=\u00a0\u00bb1\/2&Prime; animation=\u00a0\u00bbnone\u00a0\u00bb boxed=\u00a0\u00bbtrue\u00a0\u00bb column_padding=\u00a0\u00bbpadding-3-percent\u00a0\u00bb background_color=\u00a0\u00bb#f9eee7&Prime; background_color_opacity=\u00a0\u00bb0.8&Prime; font_color=\u00a0\u00bb#000000&Prime; background_color_hover=\u00a0\u00bb#ffffff\u00a0\u00bb][vc_column_text]\n<h3>DOMAINES D&rsquo;ACTIVIT\u00c9S<\/h3>\n<ul>\n<li>Activit\u00e9 judiciaire<\/li>\n<li>Droit des contrats<\/li>\n<li>Droit p\u00e9nal<\/li>\n<li>Droit de la famille<\/li>\n<li>Droit des poursuites et faillites<\/li>\n<li>Droit des assurances priv\u00e9es<\/li>\n<li>Droit bancaire<\/li>\n<li>Droit europ\u00e9en<\/li>\n<li>Droit de la concurrence<\/li>\n<\/ul>\n[\/vc_column_text][\/vc_column][\/vc_row][vc_row][vc_column width=\u00a0\u00bb1\/2&Prime; animation=\u00a0\u00bbnone\u00a0\u00bb boxed=\u00a0\u00bbtrue\u00a0\u00bb column_padding=\u00a0\u00bbpadding-3-percent\u00a0\u00bb background_color=\u00a0\u00bb#f9eee7&Prime; background_color_opacity=\u00a0\u00bb0.8&Prime; font_color=\u00a0\u00bb#000000&Prime; background_color_hover=\u00a0\u00bb#ffffff\u00a0\u00bb][vc_column_text]\n<h3>ASSOCIATIONS PROFESSIONELLES<\/h3>\n<ul>\n<li>Ordre des Avocats de Gen\u00e8ve<\/li>\n<li>F\u00e9d\u00e9ration Suisse des Avocats<\/li>\n<\/ul>\n[\/vc_column_text][\/vc_column][vc_column width=\u00a0\u00bb1\/2&Prime; animation=\u00a0\u00bbnone\u00a0\u00bb boxed=\u00a0\u00bbtrue\u00a0\u00bb column_padding=\u00a0\u00bbpadding-3-percent\u00a0\u00bb background_color=\u00a0\u00bb#f9eee7&Prime; background_color_opacity=\u00a0\u00bb0.8&Prime; font_color=\u00a0\u00bb#000000&Prime; background_color_hover=\u00a0\u00bb#ffffff\u00a0\u00bb][vc_column_text]\n<h3>LANGUES<\/h3>\n<ul>\n<li>Fran\u00e7ais<\/li>\n<li>Allemand<\/li>\n<li>Anglais<\/li>\n<\/ul>\n[\/vc_column_text][\/vc_column][\/vc_row]\n","protected":false},"excerpt":{"rendered":"<p>[vc_row type=\u00a0\u00bbfull_width_background\u00a0\u00bb bg_position=\u00a0\u00bbright top\u00a0\u00bb bg_repeat=\u00a0\u00bbno-repeat\u00a0\u00bb scene_position=\u00a0\u00bbcenter\u00a0\u00bb text_color=\u00a0\u00bbdark\u00a0\u00bb text_align=\u00a0\u00bbleft\u00a0\u00bb][vc_column width=\u00a0\u00bb1\/1&Prime;][\/vc_column][\/vc_row][vc_row type=\u00a0\u00bbfull_width_background\u00a0\u00bb bg_position=\u00a0\u00bbleft top\u00a0\u00bb bg_repeat=\u00a0\u00bbno-repeat\u00a0\u00bb scene_position=\u00a0\u00bbcenter\u00a0\u00bb text_color=\u00a0\u00bbdark\u00a0\u00bb text_align=\u00a0\u00bbleft\u00a0\u00bb top_padding=\u00a0\u00bb50&Prime; bottom_padding=\u00a0\u00bb40&Prime;][vc_column width=\u00a0\u00bb1\/4&Prime;][\/vc_column][vc_column width=\u00a0\u00bb1\/2&Prime;][vc_column_text] MALIK FAGONE AVOCAT Malik Fagone a rejoint l\u2019Etude en 2013&#8230;.<\/p>\n","protected":false},"author":2,"featured_media":0,"parent":0,"menu_order":0,"comment_status":"open","ping_status":"open","template":"","meta":{"footnotes":""},"_links":{"self":[{"href":"https:\/\/bblaw.ch\/fr\/wp-json\/wp\/v2\/pages\/996"}],"collection":[{"href":"https:\/\/bblaw.ch\/fr\/wp-json\/wp\/v2\/pages"}],"about":[{"href":"https:\/\/bblaw.ch\/fr\/wp-json\/wp\/v2\/types\/page"}],"author":[{"embeddable":true,"href":"https:\/\/bblaw.ch\/fr\/wp-json\/wp\/v2\/users\/2"}],"replies":[{"embeddable":true,"href":"https:\/\/bblaw.ch\/fr\/wp-json\/wp\/v2\/comments?post=996"}],"version-history":[{"count":21,"href":"https:\/\/bblaw.ch\/fr\/wp-json\/wp\/v2\/pages\/996\/revisions"}],"predecessor-version":[{"id":1629,"href":"https:\/\/bblaw.ch\/fr\/wp-json\/wp\/v2\/pages\/996\/revisions\/1629"}],"wp:attachment":[{"href":"https:\/\/bblaw.ch\/fr\/wp-json\/wp\/v2\/media?parent=996"}],"curies":[{"name":"wp","href":"https:\/\/api.w.org\/{rel}","templated":true}]}}